{"id":694,"date":"2020-03-29T15:08:05","date_gmt":"2020-03-29T13:08:05","guid":{"rendered":"https:\/\/wkk.ee\/taiendkoolitus-141-copy"},"modified":"2020-10-16T16:43:12","modified_gmt":"2020-10-16T14:43:12","slug":"keevitustootmise-taiendkoolitus","status":"publish","type":"page","link":"https:\/\/wkk.ee\/ru\/keevitustootmise-taiendkoolitus","title":{"rendered":"\u041a\u0443\u0440\u0441 \u043f\u043e\u0432\u044b\u0448\u0435\u043d\u0438\u044f \u043a\u0432\u0430\u043b\u0438\u0444\u0438\u043a\u0430\u0446\u0438\u0438 \u0434\u043b\u044f \u0440\u0430\u0431\u043e\u0442\u043d\u0438\u043a\u043e\u0432 \u0441\u0432\u0430\u0440\u043e\u0447\u043d\u043e\u0433\u043e \u043f\u0440\u043e\u0438\u0437\u0432\u043e\u0434\u0441\u0442\u0432\u0430 (\u043e\u043d\u043b\u0430\u0439\u043d \u043a\u0443\u0440\u0441)"},"content":{"rendered":"<ul>\n<li>\u041e\u0431\u044a\u0451\u043c \u043a\u0443\u0440\u0441\u0430\u00a0\u2013 80 \u0430\u043a\u0430\u0434\u0435\u043c\u0438\u0447\u0435\u0441\u043a\u0438\u0445 \u0447\u0430\u0441\u043e\u0432.<\/li>\n<li>\u0421\u0442\u043e\u0438\u043c\u043e\u0441\u0442\u044c \u0431\u0435\u0437 \u043d\u0430\u043b\u043e\u0433\u0430 \u0441 \u043e\u0431\u043e\u0440\u043e\u0442\u0430\u00a0\u2013 2000,00 EUR, \u0441\u0442\u043e\u0438\u043c\u043e\u0441\u0442\u044c \u0432\u043a\u043b\u044e\u0447\u0430\u044f \u043d\u0430\u043b\u043e\u0433 \u0441 \u043e\u0431\u043e\u0440\u043e\u0442\u0430 \u2013 2400,00 EUR.<\/li>\n<li>\u0412\u044b\u0434\u0430\u0432\u0430\u0435\u043c\u044b\u0435 \u0434\u043e\u043a\u0443\u043c\u0435\u043d\u0442\u044b:<br \/>\n1. \u0421\u0432\u0438\u0434\u0435\u0442\u0435\u043b\u044c\u0441\u0442\u0432\u043e Weldman Koolituskeskuse \u043e\u0431 \u043e\u043a\u043e\u043d\u0447\u0430\u043d\u0438\u0438 \u043a\u0443\u0440\u0441\u0430<\/li>\n<li>\u0414\u0430\u043d\u043d\u044b\u0439 \u043a\u0443\u0440\u0441 \u043f\u0440\u043e\u0432\u043e\u0434\u0438\u0442\u0441\u044f \u0432 \u043e\u043d\u043b\u0430\u0439\u043d \u0440\u0435\u0436\u0438\u043c\u0435 \u043f\u0440\u0438 \u043f\u043e\u043c\u043e\u0449\u0438 \u043f\u0440\u043e\u0433\u0440\u0430\u043c\u043c\u043d\u043e\u0433\u043e \u043e\u0431\u0435\u0441\u043f\u0435\u0447\u0435\u043d\u0438\u044f, \u0440\u0430\u0437\u0440\u0430\u0431\u043e\u0442\u0430\u043d\u043d\u043e\u0433\u043e Weldman O\u00dc (\u043f\u043e\u0434\u0440\u043e\u0431\u043d\u0435\u0435 \u0441\u043c\u043e\u0442\u0440\u0438 \u043d\u0430 www.weldman.ee).<\/li>\n<\/ul>\n<div class=\"su-accordion su-u-trim\">\n<div class=\"su-spoiler su-spoiler-style-default su-spoiler-icon-plus su-spoiler-closed\" data-scroll-offset=\"0\" data-anchor-in-url=\"no\"><div class=\"su-spoiler-title\" tabindex=\"0\" role=\"button\"><span class=\"su-spoiler-icon\"><\/span>\u0418\u043d\u0444\u043e\u0440\u043c\u0430\u0446\u0438\u044f<\/div><div class=\"su-spoiler-content su-u-clearfix su-u-trim\">\n<p>\u041a\u0443\u0440\u0441 \u0440\u0430\u0441\u0441\u0447\u0438\u0442\u0430\u043d \u0434\u043b\u044f \u0440\u0430\u0431\u043e\u0442\u043d\u0438\u043a\u043e\u0432 \u0441\u0432\u0430\u0440\u043e\u0447\u043d\u043e\u0433\u043e \u043f\u0440\u043e\u0438\u0437\u0432\u043e\u0434\u0441\u0442\u0432\u0430 \u0438 \u0436\u0435\u043b\u0430\u044e\u0449\u0438\u0445 \u0440\u0430\u0431\u043e\u0442\u0430\u0442\u044c \u0432 \u0434\u0430\u043d\u043d\u043e\u0439 \u0441\u0444\u0435\u0440\u0435 \u0438 \u043f\u043e\u0437\u0432\u043e\u043b\u044f\u0435\u0442 \u043e\u0432\u043b\u0430\u0434\u0435\u0442\u044c \u0437\u043d\u0430\u043d\u0438\u044f\u043c\u0438 \u043e \u0442\u0440\u0435\u0431\u043e\u0432\u0430\u043d\u0438\u044f\u0445 \u0441\u043e\u0432\u0440\u0435\u043c\u0435\u043d\u043d\u043e\u0433\u043e \u0441\u0432\u0430\u0440\u043e\u0447\u043d\u043e\u0433\u043e \u043f\u0440\u043e\u0438\u0437\u0432\u043e\u0434\u0441\u0442\u0432\u0430.<\/p>\n<\/div><\/div>\n<div class=\"su-spoiler su-spoiler-style-default su-spoiler-icon-plus su-spoiler-closed\" data-scroll-offset=\"0\" data-anchor-in-url=\"no\"><div class=\"su-spoiler-title\" tabindex=\"0\" role=\"button\"><span class=\"su-spoiler-icon\"><\/span>\u0423\u0447\u0435\u0431\u043d\u0430\u044f \u043f\u0440\u043e\u0433\u0440\u0430\u043c\u043c\u0430<\/div><div class=\"su-spoiler-content su-u-clearfix su-u-trim\">\n<p><strong>Koolituse \u00f5ppekava nimetus:<\/strong><\/p>\n<p><span lang=\"ET\">Keevitustootmise t\u00f6\u00f6taja t\u00e4iendkoolitus (e-\u00f5pe)<\/span><\/p>\n<p><strong>\u00d5ppekavar\u00fchm: <\/strong>Mehaanika ja metallit\u00f6\u00f6<\/p>\n<p><strong>\u00d5ppekeel: <\/strong>Eesti keel \/ Vene keel<\/p>\n<p><strong>Koolituse maht tundides:<\/strong>\u00a0 80 (1 akad. tund = 45 min)<\/p>\n<p><strong>s.h \u00a0\u00a0\u00a0 \u00a0\u2013 veebip\u00f5hine loeng: 64 ak.t.<\/strong><\/p>\n<p><strong>\u00a0\u2013\u00a0individuaalsed \u00fclesanded: 16 ak.t.<\/strong><\/p>\n<p><strong>Sihtgrupp ja selle kirjeldus:\u00a0<\/strong><span lang=\"ET\">Keevitustootmises h\u00f5ivatud t\u00f6\u00f6tajad ning isikud, kes plaanivad t\u00f6\u00f6tada antud valdkonnas.<\/span><\/p>\n<p><strong>N\u00f5uded \u00f5pingute alustamiseks:\u00a0\u00a0<\/strong>p\u00f5hiharidus.<\/p>\n<p><strong>Koolituse eesm\u00e4rk:<\/strong><\/p>\n<p class=\"western\" lang=\"et-EE\" align=\"justify\"><span lang=\"ET\">V\u00f5imaldada \u00f5ppijal omandada teadmised t\u00e4nap\u00e4eva keevitustootmise n\u00f5uetest ja hoiakutest. <\/span><\/p>\n<p><strong>\u00d5piv\u00e4ljundid:<\/strong><\/p>\n<ul>\n<li>oskab lugeda keevitusjoonised ja keevitustootmise t\u00f6\u00f6dokumentatsiooni;<\/li>\n<li>tunneb keevisliidete ja -\u00f5mbluste t\u00fc\u00fcbid ja oskab neid m\u00e4\u00e4rata;<\/li>\n<li>saab aru p\u00f5hiliste elektrikaarkeevituse protsesside olemusest ja rakendamisest<\/li>\n<li>tunneb n\u00f5uded keevituspersonali kvalifikatsioonile<\/li>\n<li>oskab lugeda keevitaja sertifikaate ja m\u00e4\u00e4rata atesteerimisulatust;<\/li>\n<li>tunneb keevitustootmises kasutatavate teraste p\u00f5hiliigid ja nende t\u00e4histamist<\/li>\n<li>tunneb elektrikaarkeevitusel kasutatavaid keevitusmaterjale ja oskab neid valida;<\/li>\n<li>oskab hinnata teraste keevitatavust<\/li>\n<li>saab aru keevitust\u00f6\u00f6de j\u00e4lgitavuse p\u00f5him\u00f5tetest ja oskab tagada tootmises;<\/li>\n<li>oskab kontrollida keevituse temperatuurset re\u017eiimi vastavalt EN ISO 13916 n\u00f5uetele;<\/li>\n<li>tunneb kvaliteedin\u00f5udeid keevisliidetele vastavalt EN ISO 5817;<\/li>\n<li>tunneb ja oskab eristada keevisliidete p\u00f5hilisi pinnadefekte;<\/li>\n<li>tunneb keevitusdefekte parandamismeetodeid;<\/li>\n<li>tunneb n\u00f5udeid keevituskonstruktsioonide kuju- ja joonm\u00f5\u00f5tmete tolerantsidele;<\/li>\n<li>tunneb ja oskab korraldada t\u00f6\u00f6koht, kasutada ohutuid t\u00f6\u00f6v\u00f5tteid keevitamisel.<\/li>\n<\/ul>\n<p><strong>\u00d5ppemeetodid:<\/strong><\/p>\n<p class=\"western\" lang=\"et-EE\" align=\"left\"><span lang=\"ET\">Veebip\u00f5hine loeng, individuaalsed \u00fclesanded.<\/span><\/p>\n<p class=\"western\" lang=\"et-EE\" align=\"left\"><span style=\"color: #000000;\"><b>Koolituskava struktuur ja sisu (k\u00e4sitletavad teemad):<\/b><\/span><\/p>\n<p class=\"western\" lang=\"et-EE\" align=\"left\"><span style=\"color: #000000;\"> <b>1. Teoreetiline osa (64 akadeemilist tundi)<\/b><\/span><\/p>\n<p>1.1. Keevitusjooniste lugemine (2 ak.t.)<\/p>\n<p>1.2. Keevisliited ja-\u00f5mblused. Keevis\u00f5mbluste liigid ja nende t\u00e4histamine keevitusdokumentatsioonis (2 ak.t.)<\/p>\n<p>1.3. Keevis\u00f5mbluste ja -liidete t\u00e4histamine joonistel vastavalt EN ISO 2553 (2 ak.t.)<\/p>\n<p>1.4. Keevis\u00f5mbluste ruumilised asendid (1 ak.t.)<\/p>\n<p>1.5. Keevisliidete ettevalmistamine keevitamiseks. EN ISO 9692 soovitused. \u00d5\u00f5nesprofiilide hargmikliidete koostamine keevitamiseks (4 ak.t.)<\/p>\n<p>1.6. Keevisliidete koostamine ja koostamise kontroll. Ajutised kinnitused. Traagel\u00f5mblused (3 ak.t.)<\/p>\n<p>1.7. Terase liigid. Teraste t\u00e4histamine (4 ak.t.)<\/p>\n<p>1.8. Teraste keevitamise ise\u00e4rasused. Teraste keevitatavus (4 ak.t.)<\/p>\n<p>1.9. P\u00f5himaterjali sisendkontroll, ladustamine ja identifitseerimine (2 ak.t.)<\/p>\n<p>1.10. Keevitajate atesteerimine vastavalt EN ISO 9606-1. Keevitaja sertifikaadi lugemine (3 ak.t.)<\/p>\n<p>1.11. Elektrikaarkeevituse protsesside olemus. Eelised, puudused, rakendusvaldkonnad (4 ak.t.)<\/p>\n<p>1.12. Elektrikaarkeevitusel kasutatavad seadmed. (4 ak.t.)<\/p>\n<p>1.13. Keevitamisel kasutatavad materjalid ja nende valiku p\u00f5him\u00f5tted. Keevitusmaterjalide t\u00e4histamine (3 ak.t.)<\/p>\n<p>1.14. Keevitusmaterjalide k\u00e4sitsemine (1 ak.t.)<\/p>\n<p>1.15. Keevitusre\u017eiimi parameetrid. Temperatuurne re\u017eiim (2 ak.t.)<\/p>\n<p>1.16. Eelkuumutus- ja l\u00e4bimitevahelise temperatuuri tagamine ja m\u00f5\u00f5tmine vastavalt EN ISO 13916 (1 ak.t.)<\/p>\n<p>1.17. J\u00e4relevalve enne keevitamist ja keevitamise ajal (1 ak.t.)<\/p>\n<p>1.18. Keevisliidete kontrolli meetodid. Keevisliidete kontroll peale keevituse l\u00f5petamist (2 ak.t.)<\/p>\n<p>1.19. Keevis\u00f5mbluste m\u00f5\u00f5tmine ja m\u00f5\u00f5tevahendid (2 ak.t.)<\/p>\n<p>1.20. Keevisliidete defektid. Defektide piirv\u00e4\u00e4rtused vastavalt EN ISO 5817 (6 ak.t.)<\/p>\n<p>1.21. Keevitusdefektide parandamine (2 ak.t)<\/p>\n<p>1.22. Keevituskonstruktsioonide kuju- ja joonm\u00f5\u00f5tmete tolerantsid (2 ak.t.)<\/p>\n<p>1.23. Keevitustootmise dokumentatsioon. WPS, keevitusplaan, keevitust\u00f6\u00f6de p\u00e4evik (4 ak.t.)<\/p>\n<p>1.24. Keevitust\u00f6\u00f6de j\u00e4lgitavuse tagamine (1 ak.t.)<\/p>\n<p>1.25. T\u00f6\u00f6koha korraldamine, individuaalsed kaitsevahendid ja ohutusn\u00f5uded keevitust\u00f6\u00f6de teostamisel (2 ak.t.)<\/p>\n<p><strong>2. Individuaalsed \u00fclesanded <\/strong>(16 ak.t.)<\/p>\n<p><strong>\u00d5ppematerjalid:<\/strong><\/p>\n<ol>\n<li>Weldman koolituskeskuse \u00f5ppematerjalid.<\/li>\n<\/ol>\n<p class=\"western\" lang=\"et-EE\" align=\"left\"><span style=\"color: #000000;\"><b>N\u00f5uded <\/b><b>\u00f5pingute <\/b><b>l\u00f5petamiseks. Hindamismeetodid ja -kriteeriumid. <\/b><\/span><\/p>\n<p>\u00d5pingud loetakse l\u00f5petatuks, kui osaleja on saavutanud \u00f5ppekavas kirjeldatud \u00f5piv\u00e4ljundid (arvestatud individuaalsed \u00fclesanded).<\/p>\n<p><strong>V\u00e4ljastatavate tunnistuste loetelu:<\/strong><\/p>\n<ol>\n<li>Weldman Koolituskeskuse t\u00f5end<\/li>\n<\/ol>\n<p><strong>Koolitajate kvalifikatsiooni ja kogemuse l\u00fchikirjeldus:<\/strong><\/p>\n<p>Aleksandr Jezov, email: jezov@weldman.ee; +372 5591 0671; k\u00f5rgharidus (tootmise juhtimine ja planeerimine); keevitustehnoloog; praktiline kogemus 17 aastat; kogemus koolitajana 9 aastat.<\/p>\n<p>Eduard Kimmari; email e.kimmari@gmail.com; +372 5624 9577; k\u00f5rgharidus (materjalitehnika); rahvusvaheline keevitusinsener; praktiline t\u00f6\u00f6kogemus 20 aastat, kogemus koolitajana 14 aastat.<\/p>\n<p><strong>Koolituse maksumus (k\u00e4ibemaksuta, k\u00e4ibemaksuga):<\/strong><\/p>\n<p>Maksumus k\u00e4ibemaksuta 2000,00 EUR; maksumus k\u00e4ibemaksuga 2400,00 EUR<\/p>\n<p><strong>Koolituskava kinnitamise kuup\u00e4ev: \u00a0 \u00a0 \u00a0 \u00a0 \u00a0 27.03.2020<\/strong><\/p>\n<p><strong>Koolituskava koostaja nimi, kontakttelefon, e-post:\u00a0<\/strong><\/p>\n<p>Aleksandr Jezov<\/p>\n<p>+372 5591 0671<\/p>\n<p>info@weldman.ee<\/p>\n<\/div><\/div>\n<div class=\"su-spoiler su-spoiler-style-default su-spoiler-icon-plus su-spoiler-closed\" data-scroll-offset=\"0\" data-anchor-in-url=\"no\"><div class=\"su-spoiler-title\" tabindex=\"0\" role=\"button\"><span class=\"su-spoiler-icon\"><\/span>\u041a\u0430\u043b\u0435\u043d\u0434\u0430\u0440\u044c<\/div><div class=\"su-spoiler-content su-u-clearfix su-u-trim\">\n<p>\u0414\u0430\u0442\u044b \u0431\u043b\u0438\u0436\u0430\u0439\u0448\u0438\u0445 \u043a\u0443\u0440\u0441\u043e\u0432:<\/p>\n<ul>\n<li>02.11.2020 &#8212; 13.11.2020<\/li>\n<li>16.11.2020 &#8212; 27.11.2020<\/li>\n<li>30.11.2020 &#8212; 11.12.2020<\/li>\n<li>14.12.2020 &#8212; 29.12.2020<\/li>\n<\/ul>\n<\/div><\/div>\n<\/div>\n<p><a href=\"https:\/\/wkk.ee\/\"><img decoding=\"async\" loading=\"lazy\" class=\"size-full wp-image-174 alignright\" src=\"https:\/\/wkk.ee\/wp-content\/uploads\/2018\/12\/back.png\" alt=\"\" width=\"32\" height=\"32\" \/><\/a>","protected":false},"excerpt":{"rendered":"<p>\u041e\u0431\u044a\u0451\u043c \u043a\u0443\u0440\u0441\u0430\u00a0\u2013 80 \u0430\u043a\u0430\u0434\u0435\u043c\u0438\u0447\u0435\u0441\u043a\u0438\u0445 \u0447\u0430\u0441\u043e\u0432. \u0421\u0442\u043e\u0438\u043c\u043e\u0441\u0442\u044c \u0431\u0435\u0437 \u043d\u0430\u043b\u043e\u0433\u0430 \u0441 \u043e\u0431\u043e\u0440\u043e\u0442\u0430\u00a0\u2013 2000,00 EUR, \u0441\u0442\u043e\u0438\u043c\u043e\u0441\u0442\u044c \u0432\u043a\u043b\u044e\u0447\u0430\u044f \u043d\u0430\u043b\u043e\u0433 \u0441 \u043e\u0431\u043e\u0440\u043e\u0442\u0430 \u2013 2400,00 EUR. \u0412\u044b\u0434\u0430\u0432\u0430\u0435\u043c\u044b\u0435 \u0434\u043e\u043a\u0443\u043c\u0435\u043d\u0442\u044b: 1. \u0421\u0432\u0438\u0434\u0435\u0442\u0435\u043b\u044c\u0441\u0442\u0432\u043e Weldman Koolituskeskuse \u043e\u0431 \u043e\u043a\u043e\u043d\u0447\u0430\u043d\u0438\u0438 \u043a\u0443\u0440\u0441\u0430 \u0414\u0430\u043d\u043d\u044b\u0439 [&hellip;]<\/p>\n","protected":false},"author":1,"featured_media":0,"parent":0,"menu_order":0,"comment_status":"closed","ping_status":"closed","template":"","meta":[],"_links":{"self":[{"href":"https:\/\/wkk.ee\/ru\/wp-json\/wp\/v2\/pages\/694"}],"collection":[{"href":"https:\/\/wkk.ee\/ru\/wp-json\/wp\/v2\/pages"}],"about":[{"href":"https:\/\/wkk.ee\/ru\/wp-json\/wp\/v2\/types\/page"}],"author":[{"embeddable":true,"href":"https:\/\/wkk.ee\/ru\/wp-json\/wp\/v2\/users\/1"}],"replies":[{"embeddable":true,"href":"https:\/\/wkk.ee\/ru\/wp-json\/wp\/v2\/comments?post=694"}],"version-history":[{"count":36,"href":"https:\/\/wkk.ee\/ru\/wp-json\/wp\/v2\/pages\/694\/revisions"}],"predecessor-version":[{"id":1191,"href":"https:\/\/wkk.ee\/ru\/wp-json\/wp\/v2\/pages\/694\/revisions\/1191"}],"wp:attachment":[{"href":"https:\/\/wkk.ee\/ru\/wp-json\/wp\/v2\/media?parent=694"}],"curies":[{"name":"wp","href":"https:\/\/api.w.org\/{rel}","templated":true}]}}