{"id":368,"date":"2019-05-23T09:35:31","date_gmt":"2019-05-23T07:35:31","guid":{"rendered":"https:\/\/wkk.ee\/keevitustood-ehitusplatsil-copy"},"modified":"2019-10-31T08:28:48","modified_gmt":"2019-10-31T06:28:48","slug":"ettevotlus","status":"publish","type":"page","link":"https:\/\/wkk.ee\/ru\/ettevotlus","title":{"rendered":"\u041a\u0443\u0440\u0441 \u043d\u0430\u0447\u0438\u043d\u0430\u044e\u0449\u0435\u0433\u043e \u043f\u0440\u0435\u0434\u043f\u0440\u0438\u043d\u0438\u043c\u0430\u0442\u0435\u043b\u044f \u0432 \u0441\u0432\u0430\u0440\u043e\u0447\u043d\u043e\u0439 \u043e\u0431\u043b\u0430\u0441\u0442\u0438"},"content":{"rendered":"<ul>\n<li>\u041e\u0431\u044a\u0451\u043c \u043a\u0443\u0440\u0441\u0430\u00a0\u2013 120 \u0430\u043a\u0430\u0434\u0435\u043c\u0438\u0447\u0435\u0441\u043a\u0438\u0445 \u0447\u0430\u0441\u043e\u0432.<\/li>\n<li>\u0421\u0442\u043e\u0438\u043c\u043e\u0441\u0442\u044c \u0431\u0435\u0437 \u043d\u0430\u043b\u043e\u0433\u0430 \u0441 \u043e\u0431\u043e\u0440\u043e\u0442\u0430\u00a0\u2013 2000,00 EUR, \u0441\u0442\u043e\u0438\u043c\u043e\u0441\u0442\u044c \u0432\u043a\u043b\u044e\u0447\u0430\u044f \u043d\u0430\u043b\u043e\u0433 \u0441 \u043e\u0431\u043e\u0440\u043e\u0442\u0430 \u2013 2400,00 EUR.<\/li>\n<li>\u0412\u044b\u0434\u0430\u0432\u0430\u0435\u043c\u044b\u0435 \u0434\u043e\u043a\u0443\u043c\u0435\u043d\u0442\u044b:<br \/>\n1. \u0421\u0432\u0438\u0434\u0435\u0442\u0435\u043b\u044c\u0441\u0442\u0432\u043e Weldman Koolituskeskus<\/li>\n<\/ul>\n<div class=\"su-accordion su-u-trim\">\n<div class=\"su-spoiler su-spoiler-style-default su-spoiler-icon-plus su-spoiler-closed\" data-scroll-offset=\"0\" data-anchor-in-url=\"no\"><div class=\"su-spoiler-title\" tabindex=\"0\" role=\"button\"><span class=\"su-spoiler-icon\"><\/span>\u0418\u043d\u0444\u043e\u0440\u043c\u0430\u0446\u0438\u044f<\/div><div class=\"su-spoiler-content su-u-clearfix su-u-trim\">\n<p>\u0418\u043d\u0444\u043e\u0440\u043c\u0430\u0446\u0438\u044f \u043e\u0442\u0441\u0443\u0442\u0441\u0442\u0432\u0443\u0435\u0442<\/p>\n<\/div><\/div>\n<div class=\"su-spoiler su-spoiler-style-default su-spoiler-icon-plus su-spoiler-closed\" data-scroll-offset=\"0\" data-anchor-in-url=\"no\"><div class=\"su-spoiler-title\" tabindex=\"0\" role=\"button\"><span class=\"su-spoiler-icon\"><\/span>\u0423\u0447\u0435\u0431\u043d\u0430\u044f \u043f\u0440\u043e\u0433\u0440\u0430\u043c\u043c\u0430<\/div><div class=\"su-spoiler-content su-u-clearfix su-u-trim\">\n<p>&nbsp;<\/p>\n<p class=\"western\" lang=\"et-EE\" align=\"justify\"><b>Koolituse \u00f5ppekava nimetus:<\/b><\/p>\n<p class=\"western\" lang=\"et-EE\" align=\"justify\">Keevitusvaldkonnas ettev\u00f5tlusega alustamise koolitus<\/p>\n<p class=\"western\" lang=\"et-EE\" align=\"justify\"><b>\u00d5ppekavar\u00fchm<\/b><\/p>\n<p class=\"western\" lang=\"et-EE\" align=\"justify\">Mehaanika ja metallit\u00f6\u00f6<\/p>\n<p class=\"western\" lang=\"et-EE\" align=\"left\"><b>\u00d5ppekeel:<\/b><\/p>\n<p class=\"western\" lang=\"et-EE\" align=\"justify\">Vene keel<\/p>\n<p class=\"western\" lang=\"et-EE\" align=\"left\"><b>Koolituse maht tundides<\/b>(1 akad. tund = 45 min)<\/p>\n<p class=\"western\" lang=\"et-EE\" align=\"justify\">120<\/p>\n<p class=\"western\" lang=\"et-EE\" align=\"justify\"><b>s.h \u2013 auditoorse t\u00f6\u00f6 maht<\/b><\/p>\n<p class=\"western\" lang=\"et-EE\" align=\"justify\">120<\/p>\n<p class=\"western\" lang=\"et-EE\" align=\"left\"><b>Sihtgrupp ja selle kirjeldus:<\/b><\/p>\n<p class=\"western\" lang=\"et-EE\" align=\"left\"><span style=\"color: #000000;\"><span style=\"font-size: medium;\">Ettev\u00f5tlusega alustada soovijad v\u00f5i alustavad ettev\u00f5tjad keevituse valdkonnas, kes tahavad taotleda toetust Eesti T\u00f6\u00f6tukassast, Ettev\u00f5tluse Arendamise Sihtasutuselt, LEADER tegevusgrupist v\u00f5i mujalt<\/span><\/span><\/p>\n<p class=\"western\" lang=\"et-EE\" align=\"left\"><b>N\u00f5uded \u00f5pingute alustamiseks<\/b><b>:<\/b><\/p>\n<p class=\"western\" lang=\"et-EE\" align=\"left\"><span style=\"color: #000000;\"><span style=\"font-size: medium;\">Arvuti kasutamise oskus, teksti- ja tabelit\u00f6\u00f6tlusprogrammide (soovitavalt Microsoft Office programmid) tundmine v\u00e4hemalt kesktasemel<\/span><\/span><\/p>\n<p class=\"western\" lang=\"et-EE\" align=\"left\"><b>Koolituse eesm\u00e4rk:<\/b><\/p>\n<p class=\"western\" lang=\"et-EE\" align=\"justify\"><span style=\"color: #000000;\"><span style=\"font-size: medium;\">Koolituse eesm\u00e4rgiks on kirjaliku \u00e4riplaani ja finantsprognooside koostamise tundma \u00f5ppimine keevitustootmise ja -tehnoloogiaga seotud \u00e4riidee elluviimiseks. Koolituse l\u00e4binu on anal\u00fc\u00fcsinud kavandatavat \u00e4ritegevust, sh \u00e4rikeskkonda, konkurentsisituatsiooni ning riske. Koolituse raames \u00f5pitakse<\/span><\/span> <span style=\"color: #000000;\"><span style=\"font-size: medium;\">keevitustootmise korralduse, toimimise ja juhtimise p\u00f5him\u00f5tteid, keevitustehnoloogiaid ja nende rakendamist, keevitustootmise \u00f6konoomikat. <\/span><\/span><\/p>\n<p class=\"western\" lang=\"et-EE\" align=\"left\"><b>\u00d5piv\u00e4ljundid:<\/b><\/p>\n<ul>\n<li>\n<p lang=\"et-EE\" align=\"justify\"><a name=\"_GoBack\"><\/a><span style=\"font-size: medium;\">oskab t\u00e4htsustada \u00e4riplaani, sh finantsprognooside vajalikkust;<\/span><\/p>\n<\/li>\n<li>\n<p lang=\"et-EE\" align=\"justify\"><span style=\"font-size: medium;\">oskab kirjeldada ettev\u00f5tte toodet\/teenust ning ettev\u00f5tte \u00e4ritegevuse eesm\u00e4rke;<\/span><\/p>\n<\/li>\n<li>\n<p lang=\"et-EE\" align=\"justify\"><span style=\"font-size: medium;\">oskab anal\u00fc\u00fcsida ettev\u00f5tluskeskkonda m\u00f5jutavaid tegureid;<\/span><\/p>\n<\/li>\n<li>\n<p lang=\"et-EE\" align=\"justify\"><span style=\"font-size: medium;\">saab aru hinnakujundust m\u00f5jutavatest teguritest;<\/span><\/p>\n<\/li>\n<li>\n<p lang=\"et-EE\" align=\"justify\"><span style=\"font-size: medium;\">oskab hinnata \u00e4ritegevutest tulenevaid riske;<\/span><\/p>\n<\/li>\n<li>\n<p lang=\"et-EE\" align=\"justify\"><span style=\"font-size: medium;\">m\u00f5istab ettev\u00f5tja kohustusi ja saab aru seadustest tulenevatest n\u00f5uetest;<\/span><\/p>\n<\/li>\n<li>\n<p lang=\"et-EE\" align=\"justify\"><span style=\"font-size: medium;\">tunneb keevitusvaldkonna normatiivakte ja standardeid ning oskab nendega arvestada<\/span><\/p>\n<\/li>\n<li>\n<p lang=\"et-EE\" align=\"justify\"><span style=\"font-size: medium;\">tunneb keevitustootmise juhtimise ja t\u00f6\u00f6korralduse p\u00f5him\u00f5tteid<\/span><\/p>\n<\/li>\n<li>\n<p lang=\"et-EE\" align=\"justify\"><span style=\"font-size: medium;\">tunneb ja oskab rakendada keevitustootmise kvaliteedijuhtimiss\u00fcsteemide n\u00f5udeid ja hinnata selle toimivust<\/span><\/p>\n<\/li>\n<li>\n<p lang=\"et-EE\" align=\"justify\"><span style=\"font-size: medium;\">tunneb keevise kvaliteeti m\u00f5jutavaid tegureid ja oskab arvestada nendega tootmises<\/span><\/p>\n<\/li>\n<li>\n<p lang=\"et-EE\" align=\"justify\"><span style=\"font-size: medium;\">tunneb keeviste kvaliteedikontrolli meetodeid <\/span><\/p>\n<\/li>\n<li>\n<p lang=\"et-EE\" align=\"justify\"><span style=\"font-size: medium;\">oskab l\u00e4bi viia keevitustootmise toodangu vastavuskontrolli<\/span><\/p>\n<\/li>\n<li>\n<p lang=\"et-EE\" align=\"justify\"><span style=\"font-size: medium;\">tunneb tootmise \u00f6konoomika aluseid ning oskab nendega arvestada tootmiskorralduses<\/span><\/p>\n<\/li>\n<li>\n<p lang=\"et-EE\" align=\"justify\"><span style=\"font-size: medium;\">tunneb keevitusdokumentatsiooni, oskab seda n\u00f5uetekohaselt t\u00e4ita ja hallata<\/span><\/p>\n<\/li>\n<\/ul>\n<p class=\"western\" lang=\"et-EE\" align=\"left\"><b>\u00d5ppemeetodid:<\/b><\/p>\n<p class=\"western\" lang=\"et-EE\" align=\"left\">Loeng, praktilised \u00fclesanded<\/p>\n<p class=\"western\" lang=\"et-EE\" align=\"left\"><b>Koolituskava struktuur ja sisu (k\u00e4sitletavad teemad):<\/b><\/p>\n<p class=\"western\" lang=\"et-EE\" align=\"left\">1. Ettev\u00f5tluse olemus arengutendentsid ja roll majanduses. Ettev\u00f5tte juriidilised vormid. \u00c4riseadustiku n\u00f5uded (8 ak.t.).<\/p>\n<p class=\"western\" lang=\"et-EE\" align=\"left\">2. \u00c4riidee leidmine, anal\u00fc\u00fcs ja hindamine. Ettev\u00f5tte eesm\u00e4rgid, strateegia ja tegevuskava. Konkurentsianal\u00fc\u00fcs. Ettev\u00f5tte asutamine. \u00c4riplaani olemus, struktuur ja koostamise eesm\u00e4rgid. (8 ak.t.).<\/p>\n<p class=\"western\" lang=\"et-EE\" align=\"left\"><span style=\"color: #000000;\">3. Toode ja teenus. <\/span><span style=\"color: #000000;\">Toote positsioneerimine. Toote arendus ja kujundamise alused. Toote eluts\u00fckkel. Toote- ja teenuste disain. Turu uuringud. (12 ak.t.).<\/span><\/p>\n<p class=\"western\" lang=\"et-EE\" align=\"left\">4. Turunduse ja selle komponendid. Sihtturud ja sihtr\u00fchmad, turu segmenteerimine. Kliendiprognoos. Turunduse planeerimine. Hinnakujundus. Turustuskanalid ja \u2013strateegiad. Konkurentide turundus. M\u00fc\u00fcgi- ja jaotuskanalid. M\u00fc\u00fcgi edendamine ja m\u00fc\u00fcgiprotsess. Reklaam ja reklaamikanalite valik. (10 ak.t.).<\/p>\n<p class=\"western\" lang=\"et-EE\" align=\"left\">5. Seadusandlusest tulenevad n\u00f5uded ja ettev\u00f5tlusriskid. T\u00f6\u00f6\u00f5igus. Lepingute t\u00fc\u00fcbid, nende s\u00f5lmimine, poolte \u00f5igused ja kohustused. T\u00f6\u00f6tasu. T\u00f6\u00f6aeg, puhkeaeg ja puhkus. T\u00f6\u00f6tervishoiu ja t\u00f6\u00f6ohutusalane korraldus ettev\u00f5ttes. (6 ak.t.).<\/p>\n<p class=\"western\" lang=\"et-EE\" align=\"left\">6. Raamatupidamise seadus. Raamatupidamise korraldamine v\u00e4ikeettev\u00f5ttes. Bilanss, kasumiaruanne ja rahavoogude prognoos. \u00dclevaade Eesti maksus\u00fcsteemist. T\u00f6\u00f6j\u00f5ukulude arvutamine. (16 ak.t.).<\/p>\n<p class=\"western\" lang=\"et-EE\" align=\"left\">7. Stardikapitali vajadus ja allikad. Kulud-tulud, M\u00fc\u00fcgiprognoosid. Rahavood. Kasumiaruanne. Tasuvuspunkti arvutus. Excelis koostatud isegenereeruvad finantsprognoosid (EAS). (10 ak.t.).<\/p>\n<p class=\"western\" lang=\"et-EE\" align=\"left\">8. Keevitustootmise kvaliteedijuhtimiss\u00fcsteemid. Personali ja tehnoloogia atesteerimine. Keevisliidete t\u00e4histamine joonistel. Keevitusprotseduuri spetsifikaat WPS. Keevisliidete kvaliteedin\u00f5uded. (10 ak.t.).<\/p>\n<p class=\"western\" lang=\"et-EE\" align=\"left\">9. Keevisliidete kvaliteeditasemed ja kvaliteedi kontroll. Keevisliite termots\u00fckkel ja termom\u00f5jutsoon. Sisepinged ja keevitusdeformatsioonid. Keevisliidete purustava ja mittepurustava kontrolli meetodid ja nende rakendamine. (15 ak.t.).<\/p>\n<p class=\"western\" lang=\"et-EE\" align=\"left\">10. Keevitustootmise korraldamise ja juhtimise p\u00f5him\u00f5tted. Keevitust\u00f6\u00f6de koordineerimine. Keevitusvaldkonna tootmiskulud, p\u00fcsikulu ja muutuvkulud. (15 ak.t.).<\/p>\n<p class=\"western\" lang=\"et-EE\" align=\"left\">11. Personali ja tehnoloogia atesteerimistunnistuste haldamine, projektidokumentatsioon ja selle haldamine. (10 ak.t.).<\/p>\n<p class=\"western\" lang=\"et-EE\" align=\"left\"><b>\u00d5ppematerjalid:<\/b><\/p>\n<p class=\"western\" lang=\"et-EE\" align=\"left\">1. Weldman koolituskeskuse \u00f5ppematerjalid<\/p>\n<p class=\"western\" lang=\"et-EE\" align=\"left\"><b>N\u00f5uded\u00a0<\/b><b>\u00f5pingute\u00a0<\/b><b>l\u00f5petamiseks. Hindamismeetodid ja -kriteeriumid.<\/b><\/p>\n<p class=\"western\" lang=\"et-EE\" align=\"justify\"><span style=\"font-size: medium;\">Koolituse l\u00f5ppedes v\u00e4ljastatakse kursuslastele, kes on \u00f5ppet\u00f6\u00f6s osalenud minimaalselt 80% ulatuses n\u00f5utud \u00f5ppet\u00f6\u00f6 mahust ning kes on koostanud \u00e4riplaani.<\/span><\/p>\n<p class=\"western\" lang=\"et-EE\" align=\"left\"><b>V\u00e4ljastatavate tunnistuste loetelu:<\/b><\/p>\n<ol>\n<li>\n<p lang=\"et-EE\" align=\"left\"><b>Weldman Koolituskeskuse tunnistus<\/b><\/p>\n<\/li>\n<\/ol>\n<p class=\"western\" lang=\"et-EE\" align=\"left\"><strong>Koolitajate kvalifikatsiooni ja kogemuse l\u00fchikirjeldus:<\/strong><\/p>\n<p class=\"western\" lang=\"et-EE\" align=\"left\">1) Aleksandr Jezov, email: jezov@weldman.ee; +372 5591 0671; magistrikraad MSc; tootmise juhtimine ja planeerimine; praktiline kogemus 17 aastat; kogemus koolitajana 9 aastat.<\/p>\n<p>2) Eduard Kimmari; email e.kimmari@gmail.com; +372 5624 9577;\u00a0doktorikraad PhD; rahvusvaheline keevitusinsener; praktiline t\u00f6\u00f6kogemus 17 aastat, kogemus koolitajana 15 aastat.<\/p>\n<p class=\"western\" lang=\"et-EE\" align=\"left\"><b>Koolituse maksumus (k\u00e4ibemaksuta, k\u00e4ibemaksuga):<\/b><\/p>\n<p class=\"western\" lang=\"et-EE\" align=\"left\">Maksumus k\u00e4ibemaksuta 2000,00 EUR; maksumus k\u00e4ibemaksuga 2400,00 EUR<\/p>\n<p>Aleksandr Jezov<strong><br \/>\nKoolituskava koostaja nimi, kontakttelefon, e-post:\u00a0<\/strong><strong><br \/>\nKoolituskava kinnitamise kuup\u00e4ev:\u00a0 \u00a0 \u00a0 \u00a0 \u00a0 \u00a002.07.2018<\/strong><\/p>\n<p>+372 5591 0671<\/p>\n<p>info@weldman.ee<\/p>\n<\/div><\/div>\n<div class=\"su-spoiler su-spoiler-style-default su-spoiler-icon-plus su-spoiler-closed\" data-scroll-offset=\"0\" data-anchor-in-url=\"no\"><div class=\"su-spoiler-title\" tabindex=\"0\" role=\"button\"><span class=\"su-spoiler-icon\"><\/span>Kalender<\/div><div class=\"su-spoiler-content su-u-clearfix su-u-trim\">\n<p>L\u00e4himad koolitused:<\/p>\n<ul>\n<li>28.10.2019 &#8212; 15.11.2019<\/li>\n<li>04.11.2019 &#8212; 22.11.2019<\/li>\n<li>11.11.2019 &#8212; 29.11.2019<\/li>\n<li>18.11.2019 &#8212; 06.12.2019<\/li>\n<\/ul>\n<\/div><\/div>\n<\/div>\n<p><a href=\"https:\/\/wkk.ee\/\"><img decoding=\"async\" loading=\"lazy\" class=\"size-full wp-image-174 alignright\" src=\"https:\/\/wkk.ee\/wp-content\/uploads\/2018\/12\/back.png\" alt=\"\" width=\"32\" height=\"32\" \/><\/a>","protected":false},"excerpt":{"rendered":"<p>\u041e\u0431\u044a\u0451\u043c \u043a\u0443\u0440\u0441\u0430\u00a0\u2013 120 \u0430\u043a\u0430\u0434\u0435\u043c\u0438\u0447\u0435\u0441\u043a\u0438\u0445 \u0447\u0430\u0441\u043e\u0432. \u0421\u0442\u043e\u0438\u043c\u043e\u0441\u0442\u044c \u0431\u0435\u0437 \u043d\u0430\u043b\u043e\u0433\u0430 \u0441 \u043e\u0431\u043e\u0440\u043e\u0442\u0430\u00a0\u2013 2000,00 EUR, \u0441\u0442\u043e\u0438\u043c\u043e\u0441\u0442\u044c \u0432\u043a\u043b\u044e\u0447\u0430\u044f \u043d\u0430\u043b\u043e\u0433 \u0441 \u043e\u0431\u043e\u0440\u043e\u0442\u0430 \u2013 2400,00 EUR. \u0412\u044b\u0434\u0430\u0432\u0430\u0435\u043c\u044b\u0435 \u0434\u043e\u043a\u0443\u043c\u0435\u043d\u0442\u044b: 1. \u0421\u0432\u0438\u0434\u0435\u0442\u0435\u043b\u044c\u0441\u0442\u0432\u043e Weldman Koolituskeskus<\/p>\n","protected":false},"author":1,"featured_media":0,"parent":0,"menu_order":0,"comment_status":"closed","ping_status":"closed","template":"","meta":[],"_links":{"self":[{"href":"https:\/\/wkk.ee\/ru\/wp-json\/wp\/v2\/pages\/368"}],"collection":[{"href":"https:\/\/wkk.ee\/ru\/wp-json\/wp\/v2\/pages"}],"about":[{"href":"https:\/\/wkk.ee\/ru\/wp-json\/wp\/v2\/types\/page"}],"author":[{"embeddable":true,"href":"https:\/\/wkk.ee\/ru\/wp-json\/wp\/v2\/users\/1"}],"replies":[{"embeddable":true,"href":"https:\/\/wkk.ee\/ru\/wp-json\/wp\/v2\/comments?post=368"}],"version-history":[{"count":14,"href":"https:\/\/wkk.ee\/ru\/wp-json\/wp\/v2\/pages\/368\/revisions"}],"predecessor-version":[{"id":531,"href":"https:\/\/wkk.ee\/ru\/wp-json\/wp\/v2\/pages\/368\/revisions\/531"}],"wp:attachment":[{"href":"https:\/\/wkk.ee\/ru\/wp-json\/wp\/v2\/media?parent=368"}],"curies":[{"name":"wp","href":"https:\/\/api.w.org\/{rel}","templated":true}]}}