{"id":263,"date":"2019-01-02T17:38:52","date_gmt":"2019-01-02T15:38:52","guid":{"rendered":"https:\/\/wkk.ee\/taiendkoolitus-135-136-copy"},"modified":"2019-11-01T11:24:36","modified_gmt":"2019-11-01T09:24:36","slug":"arendamine-141","status":"publish","type":"page","link":"https:\/\/wkk.ee\/ru\/arendamine-141","title":{"rendered":"\u0420\u0430\u0437\u0432\u0438\u0442\u0438\u0435 \u0437\u043d\u0430\u043d\u0438\u0439 \u0438 \u043f\u0440\u0430\u043a\u0442\u0438\u0447\u0435\u0441\u043a\u0438\u0445 \u043d\u0430\u0432\u044b\u043a\u043e\u0432 \u0422\u0418\u0413-\u0441\u0432\u0430\u0440\u043a\u0438"},"content":{"rendered":"<ul>\n<li>\u041e\u0431\u044a\u0451\u043c \u043a\u0443\u0440\u0441\u0430\u00a0\u2013 80 \u0430\u043a\u0430\u0434\u0435\u043c\u0438\u0447\u0435\u0441\u043a\u0438\u0445 \u0447\u0430\u0441\u043e\u0432.<\/li>\n<li>\u0421\u0442\u043e\u0438\u043c\u043e\u0441\u0442\u044c \u0431\u0435\u0437 \u043d\u0430\u043b\u043e\u0433\u0430 \u0441 \u043e\u0431\u043e\u0440\u043e\u0442\u0430\u00a0\u2013 2000,00 EUR, \u0441\u0442\u043e\u0438\u043c\u043e\u0441\u0442\u044c \u0432\u043a\u043b\u044e\u0447\u0430\u044f \u043d\u0430\u043b\u043e\u0433 \u0441 \u043e\u0431\u043e\u0440\u043e\u0442\u0430 \u2013 2400,00 EUR.<\/li>\n<li>\u0412\u044b\u0434\u0430\u0432\u0430\u0435\u043c\u044b\u0435 \u0434\u043e\u043a\u0443\u043c\u0435\u043d\u0442\u044b:<br \/>\n1. Weldman Koolituskeskuse t\u00f5end<\/li>\n<\/ul>\n<div class=\"su-accordion su-u-trim\">\n<div class=\"su-spoiler su-spoiler-style-default su-spoiler-icon-plus su-spoiler-closed\" data-scroll-offset=\"0\" data-anchor-in-url=\"no\"><div class=\"su-spoiler-title\" tabindex=\"0\" role=\"button\"><span class=\"su-spoiler-icon\"><\/span>\u0418\u043d\u0444\u043e\u0440\u043c\u0430\u0446\u0438\u044f<\/div><div class=\"su-spoiler-content su-u-clearfix su-u-trim\">\n<p>\u0414\u0430\u043d\u043d\u044b\u0439 \u043a\u0443\u0440\u0441 \u043f\u0440\u0435\u0434\u043d\u0430\u0437\u043d\u0430\u0447\u0435\u043d \u0434\u043b\u044f \u0443\u0441\u043e\u0432\u0435\u0440\u0448\u0435\u043d\u0441\u0442\u0432\u043e\u0432\u0430\u043d\u0438\u044f \u0442\u0435\u043e\u0440\u0435\u0442\u0438\u0447\u0435\u0441\u043a\u0438\u0445 \u0437\u043d\u0430\u043d\u0438\u0439 \u0438 \u043f\u0440\u0430\u043a\u0442\u0438\u0447\u0435\u0441\u043a\u0438\u0445 \u043d\u0430\u0432\u044b\u043a\u043e\u0432 \u043f\u043e \u043f\u0440\u043e\u0446\u0435\u0441\u0441\u0443 \u0430\u0440\u0433\u043e\u043d\u043e\u0434\u0443\u0433\u043e\u0432\u043e\u0439 \u0441\u0432\u0430\u0440\u043a\u0438.<\/p>\n<\/div><\/div>\n<div class=\"su-spoiler su-spoiler-style-default su-spoiler-icon-plus su-spoiler-closed\" data-scroll-offset=\"0\" data-anchor-in-url=\"no\"><div class=\"su-spoiler-title\" tabindex=\"0\" role=\"button\"><span class=\"su-spoiler-icon\"><\/span>\u0423\u0447\u0435\u0431\u043d\u0430\u044f \u043f\u0440\u043e\u0433\u0440\u0430\u043c\u043c\u0430<\/div><div class=\"su-spoiler-content su-u-clearfix su-u-trim\">\n<p><strong>Koolituse \u00f5ppekava nimetus:<\/strong><\/p>\n<p>TIG-keevituse teadmiste ja praktiliste oskuste arendamine<\/p>\n<p><strong>\u00d5ppekavar\u00fchm: <\/strong>Mehaanika ja metallit\u00f6\u00f6<\/p>\n<p><strong>\u00d5ppekeel: <\/strong>Eesti keel \/ Vene keel<\/p>\n<p><strong>Koolituse maht tundides:<\/strong>\u00a0 80 (1 akad. tund = 45 min)<\/p>\n<p><strong>s.h \u00a0\u00a0\u00a0 \u00a0\u2013 teoreetilise t\u00f6\u00f6 maht: 12<\/strong><\/p>\n<p><strong>\u00a0\u2013 praktilise t\u00f6\u00f6 maht: 68<\/strong><\/p>\n<p><strong>Sihtgrupp ja selle kirjeldus:\u00a0<\/strong><span style=\"color: #000000;\">Isikud, kes soovivad t\u00e4iendada teoreetilised teadmised ja praktilised oskused TIG-keevituse valdkonnas.<\/span><\/p>\n<p><strong>N\u00f5uded \u00f5pingute alustamiseks:\u00a0\u00a0<\/strong>Vestlus, p\u00f5hiharidus.<\/p>\n<p><strong>Koolituse eesm\u00e4rk:<\/strong><\/p>\n<p class=\"western\" lang=\"et-EE\" align=\"left\">V\u00f5imaldada \u00f5ppijal omandada ja t\u00e4iendada TIG-keevituse teadmisi ja oskusi ning arendada hoiakuid t\u00f6\u00f6tamiseks keevitustootmisega tegelevates ettev\u00f5tetes.<\/p>\n<p><strong>\u00d5piv\u00e4ljundid:<\/strong><\/p>\n<ul>\n<li>\n<p class=\"western\" lang=\"et-EE\" align=\"left\">oskab lugeda WPS, t\u00f6\u00f6juhendid ja joonised keevisliidete tingm\u00e4rkidega vastavalt EN ISO 2553;<\/p>\n<\/li>\n<li>\n<p class=\"western\" lang=\"et-EE\" align=\"left\">oskab m\u00e4\u00e4rata keevisliidete ja -\u00f5mbluste t\u00fc\u00fcbid, keevitusasendid ruumis; tunneb keevitusprotsesside tuunusnumbreid vastavalt EN ISO 4063;<\/p>\n<\/li>\n<li>\n<p class=\"western\" lang=\"et-EE\" align=\"left\">oskab lugeda keevitaja sertifikaate ja m\u00e4\u00e4rata selle atsteerimisulatust;<\/p>\n<\/li>\n<li>\n<p class=\"western\" lang=\"et-EE\" align=\"left\"><span style=\"color: #000000;\">saab aru TIG-keevituse olemusest;<\/span><\/p>\n<\/li>\n<li>\n<p class=\"western\" lang=\"et-EE\" align=\"left\">oskab kasutada ja seadistada TIG-keevisel kasutatavad seadmeid ja vahendeid;<\/p>\n<\/li>\n<li>\n<p class=\"western\" lang=\"et-EE\" align=\"left\">valdab TIG-protsessi keevitustehnikat;<\/p>\n<\/li>\n<li>\n<p class=\"western\" lang=\"et-EE\" align=\"left\">oskab valida TIG keevitusprotsessi re\u017eiimid s\u00f5ltuvalt keevitatava materjali ja toote t\u00fc\u00fcbist;<\/p>\n<\/li>\n<li>\n<p class=\"western\" lang=\"et-EE\" align=\"left\">oskab kontrollida keevituse temperatuurset re\u017eiimi vastavalt EN ISO 13916 n\u00f5uetele;<\/p>\n<\/li>\n<li>\n<p class=\"western\" lang=\"et-EE\" align=\"left\">oskab teostada keevitusseadmete igap\u00e4evast hooldust;<\/p>\n<\/li>\n<li>\n<p class=\"western\" lang=\"et-EE\" align=\"left\">oskab keevitada p\u00f5kk\u00f5mblusi (plaadid ja torud) erinevates ruumilistes asendites;<\/p>\n<\/li>\n<li>\n<p class=\"western\" lang=\"et-EE\" align=\"left\"><span style=\"color: #000000;\">oskab keevitada nurk\u00f5mblusi (plaadid ja torud) erinevates ruumilistes asendites;<\/span><\/p>\n<\/li>\n<li>\n<p class=\"western\" lang=\"et-EE\" align=\"left\">tunneb ja oskab korraldada t\u00f6\u00f6koht, kasutada ohutuid t\u00f6\u00f6v\u00f5tteid keevitamisel;<\/p>\n<\/li>\n<\/ul>\n<p><strong>\u00d5ppemeetodid:<\/strong><\/p>\n<p class=\"western\" lang=\"et-EE\" align=\"left\">Teoreetiline osa: loeng, individuaalsed \u00fclesanded, r\u00fchmat\u00f6\u00f6 (s\u00f5ltub grupi suurusest).<\/p>\n<p class=\"western\" lang=\"et-EE\" align=\"left\">Praktiline osa: t\u00f6\u00f6 instruktori juhendamisel.<\/p>\n<p class=\"western\" lang=\"et-EE\" align=\"left\"><span style=\"color: #000000;\"><b>Koolituskava struktuur ja sisu (k\u00e4sitletavad teemad):<\/b><\/span><\/p>\n<p class=\"western\" lang=\"et-EE\" align=\"left\"><b>1. Teoreetiline osa (12 akadeemilist tundi)<\/b><\/p>\n<p class=\"western\" lang=\"et-EE\" align=\"left\">1.1. WPSi ja t\u00f6\u00f6juhendite lugemine (1 ak.t.).<\/p>\n<p class=\"western\" lang=\"et-EE\" align=\"left\">1.2. Keevis\u00f5mbluste ja -liidete t\u00e4histamine joonistel vastavalt EN ISO 2553:2014 (1 ak.t.).<\/p>\n<p class=\"western\" lang=\"et-EE\" align=\"left\">1.3. Keevitajate atesteerimise alused vastavalt EN ISO 9606-1 (1 ak.t.).<\/p>\n<p class=\"western\" lang=\"et-EE\" align=\"left\">1.4. Elektrikaarkeevituse olemus. TIG-keevituse olemus ja rakendusvaldkonnad. (1,5 ak.t.)<\/p>\n<p class=\"western\" lang=\"et-EE\" align=\"left\">1.5. TIG-keevitusel kasutatavad keevistusseadmed ja tarvikud. (1,5 ak.t.)<\/p>\n<p class=\"western\" lang=\"et-EE\" align=\"left\">1.6. TIG-keevituse sooritustehnika. (1,5 ak.t.)<\/p>\n<p class=\"western\" lang=\"et-EE\" align=\"left\">1.7. Keevitusmaterjalide k\u00e4itlemine. Valiku p\u00f5him\u00f5tted. (1 ak.t.).<\/p>\n<p class=\"western\" lang=\"et-EE\" align=\"left\">1.8. Keevituse temperatuurne re\u017eiim (0,5 ak.t.).<\/p>\n<p class=\"western\" lang=\"et-EE\" align=\"left\">1.9. Keevisliidete parandamine. (1,5 ak.t).<\/p>\n<p class=\"western\" lang=\"et-EE\" align=\"left\">1.10. Keevitaja individuaalsed kaitsevahendid ja nende kasutamine. Ohutusn\u00f5uded keevitamisel. (1,5 ak.t.).<\/p>\n<p class=\"western\" lang=\"et-EE\" align=\"left\"><span style=\"color: #000000;\"><b>2. Praktiline osa (68 akadeemilist tundi)<\/b><\/span><\/p>\n<p class=\"western\" lang=\"et-EE\" align=\"left\"><span style=\"color: #000000;\">2.1. Keevisliidete koostamine keevitamiseks.<\/span><\/p>\n<p class=\"western\" lang=\"et-EE\" align=\"left\">2.2. Juurel\u00e4bimi keevitamine.<\/p>\n<p class=\"western\" lang=\"et-EE\" align=\"left\">2.3. Nurk- ja p\u00f5kk\u00f5mbluste keevitamine (plaadid).<\/p>\n<p class=\"western\" lang=\"et-EE\" align=\"left\">2.4. Nurk- ja p\u00f5kk\u00f5mbluste keevitamine (torud).<\/p>\n<p class=\"western\" lang=\"et-EE\" align=\"left\">2.5. Keevitusdefektide parandamine.<\/p>\n<p><strong>\u00d5ppematerjalid:<\/strong><\/p>\n<ol>\n<li>Weldman koolituskeskuse \u00f5ppematerjalid.<\/li>\n<\/ol>\n<p class=\"western\" lang=\"et-EE\" align=\"left\"><span style=\"color: #000000;\"><b>N\u00f5uded <\/b><b>\u00f5pingute <\/b><b>l\u00f5petamiseks. Hindamismeetodid ja -kriteeriumid. <\/b><\/span><\/p>\n<p class=\"western\" lang=\"et-EE\" align=\"left\">\u00d5pingud loetakse l\u00f5petatuks, kui osaleja on saavutanud \u00f5ppekavas kirjeldatud \u00f5piv\u00e4ljundid.<\/p>\n<p class=\"western\" lang=\"et-EE\" align=\"left\">\u00d5piv\u00e4ljundite saavutatust hinnatakse:<\/p>\n<p class=\"western\" lang=\"et-EE\" align=\"left\">1. \u00d5ppija on osalenud v\u00e4hemalt 90% auditoorses ja praktilises t\u00f6\u00f6s.<\/p>\n<p><strong>V\u00e4ljastatavate tunnistuste loetelu:<\/strong><\/p>\n<ol>\n<li>Weldman Koolituskeskuse t\u00f5end<\/li>\n<\/ol>\n<p><strong>Koolitajate kvalifikatsiooni ja kogemuse l\u00fchikirjeldus:<\/strong><\/p>\n<p>1) Aleksandr Jezov, email: jezov@weldman.ee; +372 5591 0671; magistrikraad MSc; tootmise juhtimine ja planeerimine; keevitustehnoloog; praktiline kogemus 17 aastat; kogemus koolitajana 9 aastat.<br \/>\n2) Eduard Kimmari; email e.kimmari@gmail.com; +372 5624 9577; doktorikraad PhD; rahvusvaheline keevitusinsener; praktiline t\u00f6\u00f6kogemus 17 aastat, kogemus koolitajana 14 aastat.<br \/>\n3) Valerjan Kurkin; +372 5650 2898; keevitustehnoloog; praktiline t\u00f6\u00f6kogemus 40 aastat, kogemus koolitajana 10 aastat.<br \/>\n4) Vladislav \u0160rubkovski; keevitusspetsialist; praktiline t\u00f6\u00f6kogemus 40 aastat, kogemus koolitajana 17 aastat.<br \/>\n5) Vjat\u0161eslav Merelaid; +372 5821 0169; keevitusspetsialist; praktiline t\u00f6\u00f6kogemus 20 aastat, kogemus koolitajana 4 aastat.<br \/>\n6) Dmitri Pereskokov; keevitusinstruktor; praktiline t\u00f6\u00f6kogemus 15 aastat, kogemus koolitajana 3 aastat.<\/p>\n<p><strong>Koolituse maksumus (k\u00e4ibemaksuta, k\u00e4ibemaksuga):<\/strong><\/p>\n<p>Maksumus k\u00e4ibemaksuta 2000,00 EUR; maksumus k\u00e4ibemaksuga 2400,00 EUR<\/p>\n<p>&nbsp;<\/p>\n<p><strong>Koolituskava kinnitamise kuup\u00e4ev:\u00a0 \u00a0 \u00a0 \u00a0 \u00a0 \u00a021.08.2017<\/strong><\/p>\n<p><strong>Koolituskava koostaja nimi, kontakttelefon, e-post:\u00a0<\/strong><\/p>\n<p>Aleksandr Jezov<\/p>\n<p>+372 5591 0671<\/p>\n<p>info@weldman.ee<\/p>\n<\/div><\/div>\n<div class=\"su-spoiler su-spoiler-style-default su-spoiler-icon-plus su-spoiler-closed\" data-scroll-offset=\"0\" data-anchor-in-url=\"no\"><div class=\"su-spoiler-title\" tabindex=\"0\" role=\"button\"><span class=\"su-spoiler-icon\"><\/span>\u041a\u0430\u043b\u0435\u043d\u0434\u0430\u0440\u044c<\/div><div class=\"su-spoiler-content su-u-clearfix su-u-trim\">\n<p>\u0414\u0430\u0442\u044b \u0431\u043b\u0438\u0436\u0430\u0439\u0448\u0438\u0445 \u043a\u0443\u0440\u0441\u043e\u0432:<\/p>\n<ul>\n<li>28.10.2019 &#8212; 08.11.2019<\/li>\n<li>04.11.2019 &#8212; 15.11.2019<\/li>\n<li>11.11.2019 &#8212; 22.11.2019<\/li>\n<li>18.11.2019 &#8212; 29.11.2019<\/li>\n<\/ul>\n<\/div><\/div>\n<\/div>\n<p><a href=\"https:\/\/wkk.ee\/\"><img decoding=\"async\" loading=\"lazy\" class=\"size-full wp-image-174 alignright\" src=\"https:\/\/wkk.ee\/wp-content\/uploads\/2018\/12\/back.png\" alt=\"\" width=\"32\" height=\"32\" \/><\/a>","protected":false},"excerpt":{"rendered":"<p>\u041e\u0431\u044a\u0451\u043c \u043a\u0443\u0440\u0441\u0430\u00a0\u2013 80 \u0430\u043a\u0430\u0434\u0435\u043c\u0438\u0447\u0435\u0441\u043a\u0438\u0445 \u0447\u0430\u0441\u043e\u0432. \u0421\u0442\u043e\u0438\u043c\u043e\u0441\u0442\u044c \u0431\u0435\u0437 \u043d\u0430\u043b\u043e\u0433\u0430 \u0441 \u043e\u0431\u043e\u0440\u043e\u0442\u0430\u00a0\u2013 2000,00 EUR, \u0441\u0442\u043e\u0438\u043c\u043e\u0441\u0442\u044c \u0432\u043a\u043b\u044e\u0447\u0430\u044f \u043d\u0430\u043b\u043e\u0433 \u0441 \u043e\u0431\u043e\u0440\u043e\u0442\u0430 \u2013 2400,00 EUR. \u0412\u044b\u0434\u0430\u0432\u0430\u0435\u043c\u044b\u0435 \u0434\u043e\u043a\u0443\u043c\u0435\u043d\u0442\u044b: 1. Weldman Koolituskeskuse t\u00f5end<\/p>\n","protected":false},"author":1,"featured_media":0,"parent":0,"menu_order":0,"comment_status":"closed","ping_status":"closed","template":"","meta":[],"_links":{"self":[{"href":"https:\/\/wkk.ee\/ru\/wp-json\/wp\/v2\/pages\/263"}],"collection":[{"href":"https:\/\/wkk.ee\/ru\/wp-json\/wp\/v2\/pages"}],"about":[{"href":"https:\/\/wkk.ee\/ru\/wp-json\/wp\/v2\/types\/page"}],"author":[{"embeddable":true,"href":"https:\/\/wkk.ee\/ru\/wp-json\/wp\/v2\/users\/1"}],"replies":[{"embeddable":true,"href":"https:\/\/wkk.ee\/ru\/wp-json\/wp\/v2\/comments?post=263"}],"version-history":[{"count":27,"href":"https:\/\/wkk.ee\/ru\/wp-json\/wp\/v2\/pages\/263\/revisions"}],"predecessor-version":[{"id":558,"href":"https:\/\/wkk.ee\/ru\/wp-json\/wp\/v2\/pages\/263\/revisions\/558"}],"wp:attachment":[{"href":"https:\/\/wkk.ee\/ru\/wp-json\/wp\/v2\/media?parent=263"}],"curies":[{"name":"wp","href":"https:\/\/api.w.org\/{rel}","templated":true}]}}