{"id":192,"date":"2018-12-18T14:22:13","date_gmt":"2018-12-18T12:22:13","guid":{"rendered":"https:\/\/wkk.ee\/keevitustootmise-tehnoloog-copy-copy"},"modified":"2021-01-14T11:45:05","modified_gmt":"2021-01-14T09:45:05","slug":"keevitustood-ehitusplatsil","status":"publish","type":"page","link":"https:\/\/wkk.ee\/ru\/keevitustood-ehitusplatsil","title":{"rendered":"\u0421\u0432\u0430\u0440\u043e\u0447\u043d\u044b\u0435 \u0440\u0430\u0431\u043e\u0442\u044b \u043d\u0430 \u0441\u0442\u0440\u043e\u0438\u0442\u0435\u043b\u044c\u043d\u043e\u0439 \u043f\u043b\u043e\u0449\u0430\u0434\u043a\u0435 \u0438 \u0432\u0438\u0437\u0443\u0430\u043b\u044c\u043d\u044b\u0439 \u043a\u043e\u043d\u0442\u0440\u043e\u043b\u044c \u0441\u0432\u0430\u0440\u043d\u044b\u0445 \u0441\u043e\u0435\u0434\u0438\u043d\u0435\u043d\u0438\u0439 (\u043e\u043d\u043b\u0430\u0439\u043d-\u043a\u0443\u0440\u0441)"},"content":{"rendered":"<ul>\n<li>\u041e\u0431\u044a\u0451\u043c \u043a\u0443\u0440\u0441\u0430\u00a0\u2013 80 \u0430\u043a\u0430\u0434\u0435\u043c\u0438\u0447\u0435\u0441\u043a\u0438\u0445 \u0447\u0430\u0441\u043e\u0432.<\/li>\n<li>\u0421\u0442\u043e\u0438\u043c\u043e\u0441\u0442\u044c \u0431\u0435\u0437 \u043d\u0430\u043b\u043e\u0433\u0430 \u0441 \u043e\u0431\u043e\u0440\u043e\u0442\u0430\u00a0\u2013 2000,00 EUR, \u0441\u0442\u043e\u0438\u043c\u043e\u0441\u0442\u044c \u0432\u043a\u043b\u044e\u0447\u0430\u044f \u043d\u0430\u043b\u043e\u0433 \u0441 \u043e\u0431\u043e\u0440\u043e\u0442\u0430 \u2013 2400,00 EUR.<\/li>\n<li>\u0412\u044b\u0434\u0430\u0432\u0430\u0435\u043c\u044b\u0435 \u0434\u043e\u043a\u0443\u043c\u0435\u043d\u0442\u044b:<br \/>\n1. \u0421\u0432\u0438\u0434\u0435\u0442\u0435\u043b\u044c\u0441\u0442\u0432\u043e Weldman Koolituskeskus<\/li>\n<\/ul>\n<div class=\"su-accordion su-u-trim\">\n<div class=\"su-spoiler su-spoiler-style-default su-spoiler-icon-plus su-spoiler-closed\" data-scroll-offset=\"0\" data-anchor-in-url=\"no\"><div class=\"su-spoiler-title\" tabindex=\"0\" role=\"button\"><span class=\"su-spoiler-icon\"><\/span>\u0418\u043d\u0444\u043e\u0440\u043c\u0430\u0446\u0438\u044f<\/div><div class=\"su-spoiler-content su-u-clearfix su-u-trim\">\n<p>\u0414\u0430\u043d\u043d\u044b\u0439 \u043a\u0443\u0440\u0441 \u043f\u0440\u043e\u0432\u043e\u0434\u0438\u0442\u0441\u044f \u0432 \u043e\u043d\u043b\u0430\u0439\u043d \u0440\u0435\u0436\u0438\u043c\u0435 \u043f\u0440\u0438 \u043f\u043e\u043c\u043e\u0449\u0438 \u043f\u0440\u043e\u0433\u0440\u0430\u043c\u043c\u043d\u043e\u0433\u043e \u043e\u0431\u0435\u0441\u043f\u0435\u0447\u0435\u043d\u0438\u044f, \u0440\u0430\u0437\u0440\u0430\u0431\u043e\u0442\u0430\u043d\u043d\u043e\u0433\u043e Weldman O\u00dc (\u043f\u043e\u0434\u0440\u043e\u0431\u043d\u0435\u0435 \u0441\u043c\u043e\u0442\u0440\u0438 \u043d\u0430 www.weldman.ee).<\/p>\n<p>\u041a\u0443\u0440\u0441 \u043f\u0440\u0435\u0434\u043d\u0430\u0437\u043d\u0430\u0447\u0435\u043d \u0434\u043b\u044f \u043e\u0432\u043b\u0430\u0434\u0435\u043d\u0438\u044f \u0437\u043d\u0430\u043d\u0438\u044f\u043c\u0438 \u0438 \u0443\u043c\u0435\u043d\u0438\u044f\u043c\u0438 \u043f\u043e \u043f\u043b\u0430\u043d\u0438\u0440\u043e\u0432\u0430\u043d\u0438\u044e, \u043f\u0440\u043e\u0432\u0435\u0434\u0435\u043d\u0438\u044e \u0438 \u043a\u043e\u043d\u0442\u0440\u043e\u043b\u044e \u0441\u0432\u0430\u0440\u043e\u0447\u043d\u044b\u0445 \u0440\u0430\u0431\u043e\u0442 \u043d\u0430 \u0441\u0442\u0440\u043e\u0438\u0442\u0435\u043b\u044c\u043d\u043e\u0439 \u043f\u043b\u043e\u0449\u0430\u0434\u043a\u0435 \u0441 \u0443\u0447\u0451\u0442\u043e\u043c \u0442\u0440\u0435\u0431\u043e\u0432\u0430\u043d\u0438\u0439 \u0441\u0442\u0430\u043d\u0434\u0430\u0440\u0442\u0430\u00a0EN 1090. \u041a\u0443\u0440\u0441 \u043f\u0440\u0435\u0434\u043d\u0430\u0437\u043d\u0430\u0447\u0435\u043d \u0434\u043b\u044f \u0440\u0443\u043a\u043e\u0432\u043e\u0434\u0438\u0442\u0435\u043b\u0435\u0439 \u043e\u0431\u044a\u0435\u043a\u0442\u043e\u0432, \u043f\u0435\u0440\u0441\u043e\u043d\u0430\u043b\u0443 \u043f\u043e \u043a\u043e\u043d\u0442\u0440\u043e\u043b\u044e \u043a\u0430\u0447\u0435\u0441\u0442\u0432\u0430, \u043f\u0435\u0440\u0441\u043e\u043d\u0430\u043b\u0443 \u043f\u043e \u043d\u0430\u0434\u0437\u043e\u0440\u0443 \u0437\u0430 \u0441\u0442\u0440\u043e\u0438\u0442\u0435\u043b\u044c\u043d\u044b\u043c\u0438 \u043e\u0431\u044a\u0435\u043a\u0442\u0430\u043c\u0438 \u0438 \u0434\u0440\u0443\u0433\u0438\u043c, \u043a\u0442\u043e \u0441\u0432\u044f\u0437\u0430\u043d \u0441\u043e \u0441\u0432\u0430\u0440\u043e\u0447\u043d\u044b\u043c\u0438 \u0440\u0430\u0431\u043e\u0442\u0430\u043c\u0438 \u043d\u0430 \u0441\u0442\u0440\u043e\u0438\u0442\u0435\u043b\u044c\u043d\u044b\u0445 \u043e\u0431\u044a\u0435\u043a\u0442\u0430\u0445.<\/p>\n<\/div><\/div>\n<div class=\"su-spoiler su-spoiler-style-default su-spoiler-icon-plus su-spoiler-closed\" data-scroll-offset=\"0\" data-anchor-in-url=\"no\"><div class=\"su-spoiler-title\" tabindex=\"0\" role=\"button\"><span class=\"su-spoiler-icon\"><\/span>\u0423\u0447\u0435\u0431\u043d\u0430\u044f \u043f\u0440\u043e\u0433\u0440\u0430\u043c\u043c\u0430<\/div><div class=\"su-spoiler-content su-u-clearfix su-u-trim\">\n<table width=\"621\" cellspacing=\"0\" cellpadding=\"7\">\n<tbody>\n<tr valign=\"top\">\n<td width=\"228\" height=\"23\">\n<p class=\"western\" lang=\"et-EE\" align=\"justify\"><b>Koolituse \u00f5ppekava nimetus:<\/b><\/p>\n<\/td>\n<td width=\"362\">\n<p class=\"western\" lang=\"et-EE\" align=\"justify\">Keevitust\u00f6\u00f6d ehitusplatsil ja keevisliidete visuaalse kontrolli alused<\/p>\n<\/td>\n<\/tr>\n<tr valign=\"top\">\n<td width=\"228\">\n<p class=\"western\" lang=\"et-EE\" align=\"justify\"><b>\u00d5ppekavar\u00fchm<\/b><\/p>\n<\/td>\n<td width=\"362\">\n<p class=\"western\" lang=\"et-EE\" align=\"justify\">Mehaanika ja metallit\u00f6\u00f6<\/p>\n<\/td>\n<\/tr>\n<tr valign=\"top\">\n<td width=\"228\">\n<p class=\"western\" lang=\"et-EE\" align=\"left\"><b>\u00d5ppekeel:<\/b><\/p>\n<\/td>\n<td width=\"362\">\n<p class=\"western\" lang=\"et-EE\" align=\"justify\">Eesti keel \/ vene keel<\/p>\n<\/td>\n<\/tr>\n<tr valign=\"top\">\n<td width=\"228\">\n<p class=\"western\" lang=\"et-EE\" align=\"left\"><b>Koolituse maht tundides\u00a0<\/b>(1 akad. tund = 45 min)<\/p>\n<\/td>\n<td width=\"362\">\n<p class=\"western\" lang=\"et-EE\" align=\"justify\">80<\/p>\n<\/td>\n<\/tr>\n<tr valign=\"top\">\n<td width=\"228\"><strong>s.h \u00a0\u00a0\u00a0 \u00a0\u2013 teoreetilise t\u00f6\u00f6 maht (veebip\u00f5hine):\u00a0<\/strong><\/p>\n<p><strong>\u00a0\u2013 auditoorse t\u00f6\u00f6 maht:<\/strong><\/td>\n<td width=\"362\">56; sisaldab 4 iseseisvat t\u00f6\u00f6d<\/p>\n<p>24 (3 p\u00e4eva)<\/td>\n<\/tr>\n<tr valign=\"top\">\n<td width=\"228\"><\/td>\n<td width=\"362\"><\/td>\n<\/tr>\n<tr>\n<td colspan=\"2\" valign=\"top\" width=\"605\" height=\"43\">\n<p class=\"western\" lang=\"et-EE\" align=\"left\"><b>Sihtgrupp ja selle kirjeldus:\u00a0<\/b>objektijuhid, j\u00e4relevalve teostajad, kvaliteedi kontrol\u00f6rid, ehitusplatsi keevitajad<\/p>\n<\/td>\n<\/tr>\n<tr>\n<td colspan=\"2\" valign=\"top\" width=\"605\" height=\"33\">\n<p class=\"western\" lang=\"et-EE\" align=\"left\"><b>N\u00f5uded \u00f5pingute alustamiseks<\/b><b>:\u00a0<\/b>puuduvad<\/p>\n<\/td>\n<\/tr>\n<tr>\n<td colspan=\"2\" valign=\"top\" width=\"605\" height=\"59\">\n<p class=\"western\" lang=\"et-EE\" align=\"left\"><b>Koolituse eesm\u00e4rk:<\/b><\/p>\n<p class=\"western\" lang=\"et-EE\" align=\"left\">V\u00f5imaldada \u00f5ppijal omandada ja t\u00e4iendada teadmisi ehitusplatsil keevitust\u00f6\u00f6de teostamise kohta ja keevisliidete kvaliteedi kontrolli osas.<\/p>\n<\/td>\n<\/tr>\n<tr>\n<td colspan=\"2\" valign=\"top\" width=\"605\" height=\"49\">\n<p class=\"western\" lang=\"et-EE\" align=\"left\"><b>\u00d5piv\u00e4ljundid:<\/b><\/p>\n<ul>\n<li>\n<p class=\"western\" lang=\"et-EE\" align=\"left\">oskab lugeda WPS, t\u00f6\u00f6juhendid ja joonised keevisliidete tingm\u00e4rkidega vastavalt EN ISO 2553;<\/p>\n<\/li>\n<li>\n<p class=\"western\" lang=\"et-EE\" align=\"left\">oskab m\u00e4\u00e4rata keevisliidete ja -\u00f5mbluste t\u00fc\u00fcbid, keevitusasendid ruumis; tunneb keevitusprotsesside tuunusnumbreid vastavalt EN ISO 4063;<\/p>\n<\/li>\n<li>\n<p class=\"western\" lang=\"et-EE\" align=\"left\">oskab lugeda keevitaja sertifikaate ja m\u00e4\u00e4rata selle atsteerimisulatust;<\/p>\n<\/li>\n<li>\n<p class=\"western\" lang=\"et-EE\" align=\"left\">tunneb teraste liigid ja oskab arvestada eriteraste ise\u00e4rasustega keevitamisel<\/p>\n<\/li>\n<li>\n<p class=\"western\" lang=\"et-EE\" align=\"left\">tunneb terassarruste keevitamise n\u00f5udeid vastavalt EN ISO 17660 ja oskab neid rakendada;<\/p>\n<\/li>\n<li>\n<p class=\"western\" lang=\"et-EE\" align=\"left\">tunneb standardi EN 1090-2 n\u00f5uded keevis\u00f5mbluste teostamiseks;<\/p>\n<\/li>\n<li>\n<p class=\"western\" lang=\"et-EE\" align=\"left\">oskab kontrollida keevituse temperatuurset re\u017eiimi vastavalt EN ISO 13916 n\u00f5uetele;<\/p>\n<\/li>\n<li>\n<p class=\"western\" lang=\"et-EE\" align=\"left\">oskab hoiustada ja k\u00e4sitseda keevitsmaterjlaid ehitusplatsil;<\/p>\n<\/li>\n<li>\n<p class=\"western\" lang=\"et-EE\" align=\"left\"><span lang=\"en-US\">tunneb keevisliidete p<\/span><span lang=\"et-EE\">\u00f5hidefekte, nende tekkimise p\u00f5hjused ja meetodeid nende parandamiseks;<\/span><\/p>\n<\/li>\n<li>\n<p class=\"western\" lang=\"en-US\" align=\"left\">tunneb ja oskab kasutada keevisliidete visuaalse kontrolli seadmeid ja abivahendeid;<\/p>\n<\/li>\n<li>\n<p class=\"western\" lang=\"en-US\" align=\"left\">tunneb keevisliidete vastuv]tmise tasemed vastavalt standardile EN ISO 5817;<\/p>\n<\/li>\n<li>\n<p class=\"western\" lang=\"et-EE\" align=\"left\"><span lang=\"en-US\">oskab hinnata visuaalse kontrolli tulemusi vastavalt\u00a0<\/span><span lang=\"et-EE\">m\u00e4\u00e4ratud n\u00f5uetele;<\/span><\/p>\n<\/li>\n<li>\n<p class=\"western\" lang=\"et-EE\" align=\"left\"><span lang=\"en-US\">oskab\u00a0<\/span><span lang=\"et-EE\">n\u00f5uetekohaselt\u00a0<\/span><span lang=\"en-US\">vormistada visuaalse kontrolli tulemusi;<\/span><\/p>\n<\/li>\n<li>\n<p class=\"western\" lang=\"et-EE\" align=\"left\">tunneb ja oskab korraldada t\u00f6\u00f6koht, kasutada ohutuid t\u00f6\u00f6v\u00f5tteid keevitamisel;<\/p>\n<\/li>\n<\/ul>\n<\/td>\n<\/tr>\n<tr>\n<td colspan=\"2\" valign=\"top\" width=\"605\" height=\"70\">\n<p class=\"western\" lang=\"et-EE\" align=\"left\"><b>\u00d5ppemeetodid:<\/b><\/p>\n<p class=\"western\" lang=\"et-EE\" align=\"left\">Loeng (veebip\u00f5hine); harjutused; individuaalsed \u00fclesanded.<\/p>\n<\/td>\n<\/tr>\n<tr>\n<td colspan=\"2\" valign=\"top\" width=\"605\" height=\"234\">\n<p class=\"western\" lang=\"et-EE\" align=\"left\"><b>Koolituskava struktuur ja sisu (k\u00e4sitletavad teemad):<\/b><\/p>\n<p class=\"western\" lang=\"et-EE\" align=\"left\"><b>1. Teoreetiline osa (<\/b><b>56<\/b><b>\u00a0akadeemilist tundi)<\/b><\/p>\n<p class=\"western\" lang=\"et-EE\" align=\"left\">1.1. Keevituse valdkonna normatiivaktid ja standardid (2 ak.t.).<\/p>\n<p class=\"western\" lang=\"et-EE\" align=\"left\">1.2. WPSi ja t\u00f6\u00f6juhendite lugemine (2 ak.t.).<\/p>\n<p class=\"western\" lang=\"et-EE\" align=\"left\">1.3. Keevis\u00f5mbluste ja -liidete t\u00e4histamine joonistel vastavalt EN ISO 2553. Keevitusjoonised. (3 ak.t.).<\/p>\n<p class=\"western\" lang=\"et-EE\" align=\"left\">1.4. Keevitusprotseduuride atesteerimise alused (4 ak.t.).<\/p>\n<p class=\"western\" lang=\"et-EE\" align=\"left\">1.5. Keevitajate atesteerimise alused vastavalt EN ISO 9606-1 (3 ak.t.).<\/p>\n<p class=\"western\" lang=\"et-EE\" align=\"left\">1.6. Teraste liigitamine vastavalt CEN ISO\/TR 15608 (3 ak.t.).<\/p>\n<p class=\"western\" lang=\"et-EE\" align=\"left\">1.7. Terasarruste keevitamine vastavalt EN ISO 17660.\u00a0Terassarruste keevisliited. N\u00f5uded keevitusprotseduuridele ja personalile.\u00a0(6\u00a0ak.t.).<\/p>\n<p class=\"western\" lang=\"et-EE\" align=\"left\">1.8. Keevitusmaterjalide k\u00e4itlemine. Valiku p\u00f5him\u00f5tted. (3 ak.t.).<\/p>\n<p class=\"western\" lang=\"et-EE\" align=\"left\">1.9. Keevituse temperatuurne re\u017eiim (2 ak.t.).<\/p>\n<p class=\"western\" lang=\"et-EE\" align=\"left\">1.10. Standardi EN 1090-2 kvaliteedin\u00f5uded keevituskonstruktsioonidele (2 ak.t.).<\/p>\n<p class=\"western\" lang=\"et-EE\" align=\"left\">1.11. Keevitust\u00f6\u00f6de identifitseerimine ja j\u00e4lgitavus. Keevitust\u00f6\u00f6de p\u00e4evik. (3 ak.t.).<\/p>\n<p class=\"western\" lang=\"et-EE\" align=\"left\">1.11. Keevitust\u00f6\u00f6de kontroll enne keevitamist, keevitamise ajal ja peale keevitamist. Kontrolli tulemuste dokumenteerimine (3 ak.t.).<\/p>\n<p class=\"western\" lang=\"et-EE\" align=\"left\">1.12. Keevisliidete mittepurustava kontrolli meetodid (2 ak.t.).<\/p>\n<p class=\"western\" lang=\"et-EE\" align=\"left\">1.13. Keevisliidete defektid ja nende klassifitseerimine. (3 ak.t).<\/p>\n<p class=\"western\" lang=\"et-EE\" align=\"left\">1.14. Keevisliidete defektide parandamine (2 ak.t.).<\/p>\n<p class=\"western\" lang=\"et-EE\" align=\"left\">1.15. N\u00f5uded mittepurustava kontrolli personalile (1 ak.t.).<\/p>\n<p class=\"western\" lang=\"et-EE\" align=\"left\">1.16. Visuaalse kontrolli t\u00f6\u00f6v\u00f5tted ja kasutatavad vahendid (3 ak.t.).<\/p>\n<p class=\"western\" lang=\"et-EE\" align=\"left\">1.17. Kvaliteeditasemed vastavalt EN ISO 5817. V\u00e4lisdefektide piirv\u00e4\u00e4rtused (4 ak.t.).<\/p>\n<p class=\"western\" lang=\"et-EE\" align=\"left\">1.18. Visuaalse kontrolli tulemuste hndamine ja dokumenteerimine (3 ak.t.).<\/p>\n<p class=\"western\" lang=\"et-EE\" align=\"left\">1.19. Keevitaja individuaalsed kaitsevahendid ja nende kasutamine. Ohutusn\u00f5uded keevitamisel. (2 ak.t.).<\/p>\n<p class=\"western\" lang=\"et-EE\" align=\"left\"><b>2<\/b><b>.\u00a0<\/b><b>Harjutused<\/b><b>\u00a0(<\/b><b>24<\/b><b>\u00a0akadeemilist tundi)<\/b><\/p>\n<\/td>\n<\/tr>\n<tr>\n<td colspan=\"2\" valign=\"top\" width=\"605\" height=\"47\">\n<p class=\"western\" lang=\"et-EE\" align=\"left\"><b>\u00d5ppematerjalid:<\/b><\/p>\n<p class=\"western\" lang=\"et-EE\" align=\"left\">1. Weldman koolituskeskuse \u00f5ppematerjal.<\/p>\n<\/td>\n<\/tr>\n<tr>\n<td colspan=\"2\" valign=\"top\" width=\"605\" height=\"98\">\n<p class=\"western\" lang=\"et-EE\" align=\"left\"><b>N\u00f5uded\u00a0<\/b><b>\u00f5pingute\u00a0<\/b><b>l\u00f5petamiseks. Hindamismeetodid ja -kriteeriumid.<\/b><\/p>\n<p class=\"western\" lang=\"et-EE\" align=\"left\">\u00d5pingud loetakse l\u00f5petatuks, kui osaleja on saavutanud \u00f5ppekavas kirjeldatud \u00f5piv\u00e4ljundid.<\/p>\n<p class=\"western\" lang=\"et-EE\" align=\"left\">\u00d5piv\u00e4ljundite saavutatust hinnatakse:<\/p>\n<p class=\"western\" lang=\"et-EE\" align=\"left\">1. Arvestatud iseseisvad t\u00f6\u00f6d.<\/p>\n<p class=\"western\" lang=\"et-EE\" align=\"left\"><b>V\u00e4ljastatavate tunnistuste loetelu:<\/b><\/p>\n<ol>\n<li>\n<p lang=\"et-EE\" align=\"left\"><b>Weldman Koolituskeskuse t\u00f5end<\/b><\/p>\n<\/li>\n<\/ol>\n<\/td>\n<\/tr>\n<tr>\n<td colspan=\"2\" valign=\"top\" width=\"605\" height=\"144\">\n<p class=\"western\" lang=\"et-EE\" align=\"left\"><strong>\u041a\u0432\u0430\u043b\u0438\u0444\u0438\u043a\u0430\u0446\u0438\u044f \u0438 \u043e\u043f\u044b\u0442 \u043f\u0440\u0435\u043f\u043e\u0434\u0430\u0432\u0430\u0442\u0435\u043b\u0435\u0439:<\/strong><\/p>\n<p class=\"western\" lang=\"et-EE\" align=\"left\">1) Aleksandr Jezov, email: a.jezov@weldman.ee; +372 5591 0671; magistrikraad MSc; tootmise juhtimine ja planeerimine; keevitustehnoloog; praktiline kogemus 17 aastat; kogemus koolitajana 9 aastat.<br \/>\n2) Eduard Kimmari; email e.kimmari@gmail.com; +372 5624 9577; doktorikraad PhD; rahvusvaheline keevitusinsener; praktiline t\u00f6\u00f6kogemus 18 aastat, kogemus koolitajana 14 aastat.<br \/>\n3) Valerjan Kurkin; +372 5650 2898; keevitustehnoloog; praktiline t\u00f6\u00f6kogemus 40 aastat, kogemus koolitajana 10 aastat.<br \/>\n4) Vladislav \u0160rubkovski; keevitusspetsialist; praktiline t\u00f6\u00f6kogemus 40 aastat, kogemus koolitajana 17 aastat.<br \/>\n5) Vjat\u0161eslav Merelaid; +372 5821 0169; keevitusspetsialist; praktiline t\u00f6\u00f6kogemus 20 aastat, kogemus koolitajana 4 aastat.<br \/>\n6) Dmitri Pereskokov; keevitusinstruktor; praktiline t\u00f6\u00f6kogemus 15 aastat, kogemus koolitajana 3 aastat.<\/p>\n<\/td>\n<\/tr>\n<tr>\n<td colspan=\"2\" valign=\"top\" width=\"605\" height=\"23\">\n<p class=\"western\" lang=\"et-EE\" align=\"left\"><b>Koolituse maksumus (k\u00e4ibemaksuta, k\u00e4ibemaksuga):<\/b><\/p>\n<p class=\"western\" lang=\"et-EE\" align=\"left\">Maksumus k\u00e4ibemaksuta 2000,00 EUR; maksumus k\u00e4ibemaksuga 2400,00 EUR<\/p>\n<\/td>\n<\/tr>\n<\/tbody>\n<\/table>\n<p><strong><br \/>\nKoolituskava koostaja nimi, kontakttelefon, e-post:\u00a0<\/strong><strong><br \/>\nKoolituskava kinnitamise kuup\u00e4ev:\u00a0 \u00a0 \u00a0 \u00a0 \u00a0 \u00a002.07.2018<\/strong><\/p>\n<p>Aleksandr Jezov<\/p>\n<p>+372 5591 0671<\/p>\n<p>info@weldman.ee<\/p>\n<\/div><\/div>\n<div class=\"su-spoiler su-spoiler-style-default su-spoiler-icon-plus su-spoiler-closed\" data-scroll-offset=\"0\" data-anchor-in-url=\"no\"><div class=\"su-spoiler-title\" tabindex=\"0\" role=\"button\"><span class=\"su-spoiler-icon\"><\/span>\u041a\u0430\u043b\u0435\u043d\u0434\u0430\u0440\u044c<\/div><div class=\"su-spoiler-content su-u-clearfix su-u-trim\">\n<p>\u0414\u0430\u0442\u044b \u0431\u043b\u0438\u0436\u0430\u0439\u0448\u0438\u0445 \u043a\u0443\u0440\u0441\u043e\u0432:<\/p>\n<ul>\n<li>16.11.2020 &#8212; 27.11.2020<\/li>\n<li>30.11.2020 &#8212; 11.12.2020<\/li>\n<li>14.12.2020 &#8212; 08.01.2021<\/li>\n<li>11.01.2021 &#8212; 22.01.2021<\/li>\n<\/ul>\n<\/div><\/div>\n<\/div>\n<p><a href=\"https:\/\/wkk.ee\/\"><img decoding=\"async\" loading=\"lazy\" class=\"size-full wp-image-174 alignright\" src=\"https:\/\/wkk.ee\/wp-content\/uploads\/2018\/12\/back.png\" alt=\"\" width=\"32\" height=\"32\" \/><\/a>","protected":false},"excerpt":{"rendered":"<p>\u041e\u0431\u044a\u0451\u043c \u043a\u0443\u0440\u0441\u0430\u00a0\u2013 80 \u0430\u043a\u0430\u0434\u0435\u043c\u0438\u0447\u0435\u0441\u043a\u0438\u0445 \u0447\u0430\u0441\u043e\u0432. \u0421\u0442\u043e\u0438\u043c\u043e\u0441\u0442\u044c \u0431\u0435\u0437 \u043d\u0430\u043b\u043e\u0433\u0430 \u0441 \u043e\u0431\u043e\u0440\u043e\u0442\u0430\u00a0\u2013 2000,00 EUR, \u0441\u0442\u043e\u0438\u043c\u043e\u0441\u0442\u044c \u0432\u043a\u043b\u044e\u0447\u0430\u044f \u043d\u0430\u043b\u043e\u0433 \u0441 \u043e\u0431\u043e\u0440\u043e\u0442\u0430 \u2013 2400,00 EUR. \u0412\u044b\u0434\u0430\u0432\u0430\u0435\u043c\u044b\u0435 \u0434\u043e\u043a\u0443\u043c\u0435\u043d\u0442\u044b: 1. \u0421\u0432\u0438\u0434\u0435\u0442\u0435\u043b\u044c\u0441\u0442\u0432\u043e Weldman Koolituskeskus<\/p>\n","protected":false},"author":1,"featured_media":0,"parent":0,"menu_order":0,"comment_status":"closed","ping_status":"closed","template":"","meta":[],"_links":{"self":[{"href":"https:\/\/wkk.ee\/ru\/wp-json\/wp\/v2\/pages\/192"}],"collection":[{"href":"https:\/\/wkk.ee\/ru\/wp-json\/wp\/v2\/pages"}],"about":[{"href":"https:\/\/wkk.ee\/ru\/wp-json\/wp\/v2\/types\/page"}],"author":[{"embeddable":true,"href":"https:\/\/wkk.ee\/ru\/wp-json\/wp\/v2\/users\/1"}],"replies":[{"embeddable":true,"href":"https:\/\/wkk.ee\/ru\/wp-json\/wp\/v2\/comments?post=192"}],"version-history":[{"count":114,"href":"https:\/\/wkk.ee\/ru\/wp-json\/wp\/v2\/pages\/192\/revisions"}],"predecessor-version":[{"id":1463,"href":"https:\/\/wkk.ee\/ru\/wp-json\/wp\/v2\/pages\/192\/revisions\/1463"}],"wp:attachment":[{"href":"https:\/\/wkk.ee\/ru\/wp-json\/wp\/v2\/media?parent=192"}],"curies":[{"name":"wp","href":"https:\/\/api.w.org\/{rel}","templated":true}]}}